{"id":13,"date":"2026-05-17T16:30:38","date_gmt":"2026-05-17T16:30:38","guid":{"rendered":"https:\/\/musing-khayyam.104-156-48-234.plesk.page\/?page_id=13"},"modified":"2026-05-17T18:07:58","modified_gmt":"2026-05-17T18:07:58","slug":"gol-de-ideias","status":"publish","type":"page","link":"https:\/\/musing-khayyam.104-156-48-234.plesk.page\/","title":{"rendered":"Gol de Id\u00e9ias"},"content":{"rendered":"<p>[et_pb_section fb_built=&#8221;1&#8243; _builder_version=&#8221;4.27.4&#8243; _module_preset=&#8221;default&#8221; custom_padding=&#8221;5px||0px|||&#8221; global_colors_info=&#8221;{}&#8221;][et_pb_row use_custom_gutter=&#8221;on&#8221; gutter_width=&#8221;4&#8243; make_equal=&#8221;on&#8221; _builder_version=&#8221;4.27.4&#8243; _module_preset=&#8221;default&#8221; width=&#8221;100%&#8221; max_width=&#8221;2560px&#8221; module_alignment=&#8221;center&#8221; custom_padding=&#8221;0px|||||&#8221; global_colors_info=&#8221;{}&#8221;][et_pb_column type=&#8221;4_4&#8243; _builder_version=&#8221;4.27.4&#8243; _module_preset=&#8221;default&#8221; global_colors_info=&#8221;{}&#8221;][et_pb_image src=&#8221;https:\/\/musing-khayyam.104-156-48-234.plesk.page\/wp-content\/uploads\/2026\/05\/f0db9ead-4150-4c34-a584-1519c34ea6d0.png&#8221; title_text=&#8221;f0db9ead-4150-4c34-a584-1519c34ea6d0&#8243; align=&#8221;center&#8221; _builder_version=&#8221;4.27.4&#8243; _module_preset=&#8221;default&#8221; custom_margin=&#8221;-4px||-8px|||&#8221; hover_enabled=&#8221;0&#8243; global_colors_info=&#8221;{}&#8221; animation_style=&#8221;zoom&#8221; sticky_enabled=&#8221;0&#8243;][\/et_pb_image][\/et_pb_column][\/et_pb_row][\/et_pb_section][et_pb_section fb_built=&#8221;1&#8243; module_id=&#8221;apresentacao&#8221; _builder_version=&#8221;4.27.4&#8243; _module_preset=&#8221;default&#8221; background_color=&#8221;#4a630b&#8221; custom_margin=&#8221;-25px|||||&#8221; custom_padding=&#8221;22px||21px|||&#8221; global_colors_info=&#8221;{}&#8221;][et_pb_row _builder_version=&#8221;4.27.4&#8243; _module_preset=&#8221;default&#8221; global_colors_info=&#8221;{}&#8221;][et_pb_column type=&#8221;4_4&#8243; _builder_version=&#8221;4.27.4&#8243; _module_preset=&#8221;default&#8221; global_colors_info=&#8221;{}&#8221;][et_pb_text _builder_version=&#8221;4.27.4&#8243; _module_preset=&#8221;default&#8221; global_colors_info=&#8221;{}&#8221;]<\/p>\n<p class=\"isSelectedEnd\"><span style=\"color: #ffffff;\">\u26bd O MAIOR CONCURSO DA COPA DO MUNDO COME\u00c7A AGORA<\/span><\/p>\n<p class=\"isSelectedEnd\"><span style=\"color: #ffffff;\">Chegou a sua chance de fazer parte de um projeto \u00fanico, com visibilidade nacional e internacional durante o maior evento esportivo do planeta.<\/span><\/p>\n<p class=\"isSelectedEnd\"><span style=\"color: #ffffff;\">A GOL DE IDEIAS apresenta um concurso inovador, que une esporte, m\u00eddia e oportunidades reais de destaque.<\/span><\/p>\n<p class=\"isSelectedEnd\"><span style=\"color: #ffffff;\">\ud83c\udf0e Participantes do Brasil e do exterior<\/span><br \/><span style=\"color: #ffffff;\">\ud83d\udcfa Presen\u00e7a em lives e conte\u00fados exclusivos<\/span><br \/><span style=\"color: #ffffff;\">\ud83c\udfc6 Premia\u00e7\u00f5es e visibilidade<\/span><\/p>\n<p class=\"isSelectedEnd\"><span style=\"color: #ffffff;\">\ud83d\udd25 Garanta sua participa\u00e7\u00e3o agora e fa\u00e7a parte desse movimento!<\/span><\/p>\n<p><span style=\"color: #ffffff;\">\ud83d\udc49 INSCREVA-SE AGORA<\/span><\/p>\n<p>[\/et_pb_text][et_pb_button button_text=&#8221;INSCREVA-SE&#8221; _builder_version=&#8221;4.27.4&#8243; _module_preset=&#8221;default&#8221; hover_enabled=&#8221;0&#8243; sticky_enabled=&#8221;0&#8243;][\/et_pb_button][\/et_pb_column][\/et_pb_row][\/et_pb_section][et_pb_section fb_built=&#8221;1&#8243; module_id=&#8221;sobreoconcurso&#8221; _builder_version=&#8221;4.27.4&#8243; _module_preset=&#8221;default&#8221; background_color=&#8221;#dbb600&#8243; custom_padding=&#8221;19px||30px|||&#8221; global_colors_info=&#8221;{}&#8221;][et_pb_row _builder_version=&#8221;4.27.4&#8243; _module_preset=&#8221;default&#8221; global_colors_info=&#8221;{}&#8221;][et_pb_column type=&#8221;4_4&#8243; _builder_version=&#8221;4.27.4&#8243; _module_preset=&#8221;default&#8221; global_colors_info=&#8221;{}&#8221;][et_pb_text _builder_version=&#8221;4.27.4&#8243; _module_preset=&#8221;default&#8221; global_colors_info=&#8221;{}&#8221;]<\/p>\n<p><strong><span style=\"color: #000000; font-size: large;\">SOBRE O CONCURSO<\/span><\/strong><\/p>\n<p><span style=\"color: #000000;\">O concurso da GOL DE IDEIAS foi criado para conectar talentos ao universo do marketing esportivo durante a Copa do Mundo.<\/span><\/p>\n<p><span style=\"color: #000000;\">Durante 40 dias, os participantes ter\u00e3o a oportunidade de ganhar visibilidade, participar de conte\u00fados exclusivos, interagir com o p\u00fablico e se destacar em um cen\u00e1rio de grande alcance.<\/span><\/p>\n<p><span style=\"color: #000000;\">\ud83d\udccc COMO FUNCIONA<\/span><br \/><span style=\"color: #000000;\">Ap\u00f3s a inscri\u00e7\u00e3o, o participante entra no processo do concurso, podendo participar de a\u00e7\u00f5es promocionais, sorteios e conte\u00fados ao vivo.<\/span><\/p>\n<p><span style=\"color: #000000;\">\ud83d\udccc QUEM PODE PARTICIPAR<\/span><br \/><span style=\"color: #000000;\">Aberto para participantes do Brasil e do exterior.<\/span><\/p>\n<p><span style=\"color: #000000;\">\ud83d\udccc DIFERENCIAIS<\/span><br \/><span style=\"color: #000000;\">\u2714 Lives com convidados especiais<\/span><br \/><span style=\"color: #000000;\">\u2714 Divulga\u00e7\u00e3o em redes sociais<\/span><br \/><span style=\"color: #000000;\">\u2714 Participa\u00e7\u00e3o em a\u00e7\u00f5es promocionais<\/span><br \/><span style=\"color: #000000;\">\u2714 Exposi\u00e7\u00e3o para patrocinadores<\/span><\/p>\n<p><span style=\"color: #000000;\">Este n\u00e3o \u00e9 apenas um concurso, \u00e9 uma oportunidade de se posicionar em um dos maiores momentos do esporte mundial.<\/span><\/p>\n<p>[\/et_pb_text][\/et_pb_column][\/et_pb_row][\/et_pb_section][et_pb_section fb_built=&#8221;1&#8243; module_id=&#8221;inscricoes&#8221; _builder_version=&#8221;4.27.4&#8243; _module_preset=&#8221;default&#8221; background_color=&#8221;#0C71C3&#8243; custom_padding=&#8221;23px||36px|||&#8221; global_colors_info=&#8221;{}&#8221;][et_pb_row _builder_version=&#8221;4.27.4&#8243; _module_preset=&#8221;default&#8221; global_colors_info=&#8221;{}&#8221;][et_pb_column type=&#8221;4_4&#8243; _builder_version=&#8221;4.27.4&#8243; _module_preset=&#8221;default&#8221; global_colors_info=&#8221;{}&#8221;][et_pb_text _builder_version=&#8221;4.27.4&#8243; _module_preset=&#8221;default&#8221; global_colors_info=&#8221;{}&#8221;]<\/p>\n<p><span style=\"font-size: large;\"><strong><span style=\"color: #ffffff;\">INSCRI\u00c7\u00d5ES<\/span><\/strong><\/span><\/p>\n<p><span style=\"color: #ffffff;\">INSCREVA-SE AGORA<\/span><\/p>\n<p><span style=\"color: #ffffff;\">Garanta sua vaga no concurso e participe dessa experi\u00eancia \u00fanica durante a Copa do Mundo.<\/span><\/p>\n<p><span style=\"color: #ffffff;\">Escolha sua modalidade de inscri\u00e7\u00e3o abaixo e finalize em poucos cliques:<\/span><\/p>\n<p><span style=\"color: #ffffff;\">\ud83c\udde7\ud83c\uddf7 INSCRI\u00c7\u00c3O BRASIL<\/span><br \/><span style=\"color: #ffffff;\">\ud83c\udf0e INSCRI\u00c7\u00c3O INTERNACIONAL<\/span><\/p>\n<p><span style=\"color: #ffffff;\">Ap\u00f3s preencher seus dados, voc\u00ea ser\u00e1 direcionado automaticamente para a p\u00e1gina de pagamento.<\/span><\/p>\n<p><span style=\"color: #ffffff;\">\u26a0 Vagas limitadas \u2014 n\u00e3o deixe para depois.<\/span><\/p>\n<p><span style=\"color: #ffffff;\">\ud83d\udc49 PARTICIPAR AGORA<\/span><\/p>\n<p>[\/et_pb_text][et_pb_button button_text=&#8221;INSCREVA-SE&#8221; _builder_version=&#8221;4.27.4&#8243; _module_preset=&#8221;default&#8221; hover_enabled=&#8221;0&#8243; sticky_enabled=&#8221;0&#8243; custom_button=&#8221;on&#8221; button_text_color=&#8221;#FFFFFF&#8221; animation_style=&#8221;roll&#8221;][\/et_pb_button][\/et_pb_column][\/et_pb_row][\/et_pb_section][et_pb_section fb_built=&#8221;1&#8243; module_id=&#8221;patrocinadores&#8221; _builder_version=&#8221;4.27.4&#8243; _module_preset=&#8221;default&#8221; background_color=&#8221;#5d8917&#8243; custom_padding=&#8221;24px||25px|||&#8221; global_colors_info=&#8221;{}&#8221;][et_pb_row _builder_version=&#8221;4.27.4&#8243; _module_preset=&#8221;default&#8221; global_colors_info=&#8221;{}&#8221;][et_pb_column type=&#8221;4_4&#8243; _builder_version=&#8221;4.27.4&#8243; _module_preset=&#8221;default&#8221; global_colors_info=&#8221;{}&#8221;][et_pb_text _builder_version=&#8221;4.27.4&#8243; _module_preset=&#8221;default&#8221; hover_enabled=&#8221;0&#8243; global_colors_info=&#8221;{}&#8221; sticky_enabled=&#8221;0&#8243;]<\/p>\n<p><strong><span style=\"color: #ffffff; font-size: large;\">PATROCINADORES<\/span><\/strong><\/p>\n<p><span style=\"color: #ffffff;\">Este projeto conta com marcas que acreditam no poder do esporte e da visibilidade durante a Copa do Mundo.<\/span><\/p>\n<p><span style=\"color: #ffffff;\">Nosso patrocinador principal ganha destaque exclusivo em toda a plataforma, al\u00e9m de presen\u00e7a nas a\u00e7\u00f5es do concurso.<\/span><\/p>\n<p><span style=\"color: #ffffff;\">Outros patrocinadores participam com inser\u00e7\u00f5es em banners, rodap\u00e9 e \u00e1reas estrat\u00e9gicas do site.<\/span><\/p>\n<p><span style=\"color: #ffffff;\">\ud83d\ude80 Quer divulgar sua marca para um p\u00fablico altamente engajado?<\/span><\/p>\n<p><span style=\"color: #ffffff;\">\ud83d\udc49 Seja um patrocinador e fa\u00e7a parte deste projeto.<\/span><\/p>\n<p>[\/et_pb_text][et_pb_button button_text=&#8221;SEJA PATROCINADOR&#8221; _builder_version=&#8221;4.27.4&#8243; _module_preset=&#8221;default&#8221; hover_enabled=&#8221;0&#8243; sticky_enabled=&#8221;0&#8243; custom_button=&#8221;on&#8221; button_text_color=&#8221;#FFFFFF&#8221; animation_style=&#8221;roll&#8221;][\/et_pb_button][\/et_pb_column][\/et_pb_row][\/et_pb_section][et_pb_section fb_built=&#8221;1&#8243; module_id=&#8221;sorteioepremiacao&#8221; _builder_version=&#8221;4.27.4&#8243; _module_preset=&#8221;default&#8221; background_color=&#8221;#0C71C3&#8243; custom_padding=&#8221;20px||38px|||&#8221; global_colors_info=&#8221;{}&#8221;][et_pb_row _builder_version=&#8221;4.27.4&#8243; _module_preset=&#8221;default&#8221; global_colors_info=&#8221;{}&#8221;][et_pb_column type=&#8221;4_4&#8243; _builder_version=&#8221;4.27.4&#8243; _module_preset=&#8221;default&#8221; global_colors_info=&#8221;{}&#8221;][et_pb_text _builder_version=&#8221;4.27.4&#8243; _module_preset=&#8221;default&#8221; global_colors_info=&#8221;{}&#8221;]<\/p>\n<p><strong><span style=\"color: #ffffff; font-size: large;\">SE\u00c7\u00c3O SORTEIO<\/span><\/strong><\/p>\n<p><span style=\"color: #ffffff;\">SORTEIOS EXCLUSIVOS<\/span><\/p>\n<p><span style=\"color: #ffffff;\">Durante o concurso, voc\u00ea poder\u00e1 participar de sorteios especiais com pr\u00eamios incr\u00edveis.<\/span><\/p>\n<p><span style=\"color: #ffffff;\">Quanto mais voc\u00ea participa, maiores s\u00e3o suas chances!<\/span><\/p>\n<p><span style=\"color: #ffffff;\">\ud83c\udf81 Pr\u00eamios exclusivos<\/span><br \/><span style=\"color: #ffffff;\">\ud83c\udfaf A\u00e7\u00f5es promocionais<\/span><br \/><span style=\"color: #ffffff;\">\ud83d\udd25 Oportunidades durante todo o evento<\/span><\/p>\n<p><span style=\"color: #ffffff;\">Fique atento \u00e0s nossas redes sociais para n\u00e3o perder nenhuma chance<\/span><\/p>\n<p><span style=\"color: #ffffff;\">PREMIA\u00c7\u00c3O<\/span><\/p>\n<p><span style=\"color: #ffffff;\">Os participantes do concurso concorrem a benef\u00edcios exclusivos e grande visibilidade durante a Copa do Mundo.<\/span><\/p>\n<p><span style=\"color: #ffffff;\">\ud83c\udfc6 Destaque nas plataformas digitais<\/span><br \/><span style=\"color: #ffffff;\">\ud83d\udcfa Participa\u00e7\u00e3o em conte\u00fados ao vivo<\/span><br \/><span style=\"color: #ffffff;\">\ud83d\udce2 Divulga\u00e7\u00e3o para um p\u00fablico amplo<\/span><br \/><span style=\"color: #ffffff;\">\ud83e\udd1d Conex\u00e3o com marcas e patrocinadores<\/span><\/p>\n<p><span style=\"color: #ffffff;\">Mais do que pr\u00eamios, aqui voc\u00ea conquista visibilidade e oportunidades reais.<\/span><br \/><span style=\"color: #ffffff;\">_____<\/span><\/p>\n<p>&nbsp;<\/p>\n<p><span style=\"color: #ffffff;\">COMO FUNCIONA<\/span><\/p>\n<p><span style=\"color: #ffffff;\">1\ufe0f\u20e3 Fa\u00e7a sua inscri\u00e7\u00e3o<\/span><br \/><span style=\"color: #ffffff;\">2\ufe0f\u20e3 Participe das a\u00e7\u00f5es do concurso<\/span><br \/><span style=\"color: #ffffff;\">3\ufe0f\u20e3 Interaja com o p\u00fablico<\/span><br \/><span style=\"color: #ffffff;\">4\ufe0f\u20e3 Acompanhe os resultados<\/span><\/p>\n<p><span style=\"color: #ffffff;\">Tudo foi pensado para ser simples, r\u00e1pido e acess\u00edvel para todos os participantes.<\/span><\/p>\n<p>[\/et_pb_text][\/et_pb_column][\/et_pb_row][\/et_pb_section][et_pb_section fb_built=&#8221;1&#8243; module_id=&#8221;contato&#8221; _builder_version=&#8221;4.27.4&#8243; _module_preset=&#8221;default&#8221; background_color=&#8221;#c6af00&#8243; custom_padding=&#8221;0px|||||&#8221; global_colors_info=&#8221;{}&#8221;][et_pb_row _builder_version=&#8221;4.27.4&#8243; _module_preset=&#8221;default&#8221; global_colors_info=&#8221;{}&#8221;][et_pb_column type=&#8221;4_4&#8243; _builder_version=&#8221;4.27.4&#8243; _module_preset=&#8221;default&#8221; global_colors_info=&#8221;{}&#8221;][et_pb_text _builder_version=&#8221;4.27.4&#8243; _module_preset=&#8221;default&#8221; global_colors_info=&#8221;{}&#8221;]<\/p>\n<p><strong><span style=\"color: #ffffff; font-size: large;\">CONTATO<\/span><\/strong><\/p>\n<p><span style=\"color: #ffffff;\">FALE CONOSCO<\/span><\/p>\n<p><span style=\"color: #ffffff;\">Tem d\u00favidas ou quer mais informa\u00e7\u00f5es?<\/span><\/p>\n<p><span style=\"color: #ffffff;\">Entre em contato com nossa equipe:<\/span><\/p>\n<p><span style=\"color: #ffffff;\">\ud83d\udcf2 WhatsApp: (31) 9 XXXX-XXXX<\/span><br \/><span style=\"color: #ffffff;\">\ud83d\udce7 Email: [goldeideiasmktbrasil@gmail.com](mailto:goldeideiasmktbrasil@gmail.com)<\/span><\/p>\n<p><span style=\"color: #ffffff;\">Acompanhe tamb\u00e9m nossas redes sociais e fique por dentro de todas as novidades do concurso:<\/span><\/p>\n<p><span style=\"color: #ffffff;\">Instagram | Facebook | TikTok | Kwai<\/span><\/p>\n<p><span style=\"color: #ffffff;\">Estamos prontos para te atender!<\/span><\/p>\n<p>[\/et_pb_text][\/et_pb_column][\/et_pb_row][\/et_pb_section][et_pb_section fb_built=&#8221;1&#8243; _builder_version=&#8221;4.27.4&#8243; _module_preset=&#8221;default&#8221; background_color=&#8221;#0C71C3&#8243; custom_padding=&#8221;22px|||||&#8221; global_colors_info=&#8221;{}&#8221;][et_pb_row column_structure=&#8221;1_3,1_3,1_3&#8243; use_custom_gutter=&#8221;on&#8221; make_equal=&#8221;on&#8221; _builder_version=&#8221;4.27.4&#8243; _module_preset=&#8221;default&#8221; width=&#8221;76%&#8221; global_colors_info=&#8221;{}&#8221;][et_pb_column type=&#8221;1_3&#8243; _builder_version=&#8221;4.27.4&#8243; _module_preset=&#8221;default&#8221; global_colors_info=&#8221;{}&#8221;][et_pb_gallery gallery_ids=&#8221;42,41,40,39,38,36&#8243; fullwidth=&#8221;on&#8221; _builder_version=&#8221;4.27.4&#8243; _module_preset=&#8221;default&#8221; animation_style=&#8221;zoom&#8221; auto=&#8221;on&#8221; auto_speed=&#8221;2000&#8243; global_colors_info=&#8221;{}&#8221;][\/et_pb_gallery][\/et_pb_column][et_pb_column type=&#8221;1_3&#8243; _builder_version=&#8221;4.27.4&#8243; _module_preset=&#8221;default&#8221; global_colors_info=&#8221;{}&#8221;][et_pb_gallery gallery_ids=&#8221;42,41,40,39,38,36&#8243; fullwidth=&#8221;on&#8221; _builder_version=&#8221;4.27.4&#8243; _module_preset=&#8221;default&#8221; animation_style=&#8221;zoom&#8221; auto=&#8221;on&#8221; auto_speed=&#8221;2000&#8243; global_colors_info=&#8221;{}&#8221;][\/et_pb_gallery][\/et_pb_column][et_pb_column type=&#8221;1_3&#8243; _builder_version=&#8221;4.27.4&#8243; _module_preset=&#8221;default&#8221; global_colors_info=&#8221;{}&#8221;][et_pb_gallery gallery_ids=&#8221;42,41,40,39,38,36&#8243; fullwidth=&#8221;on&#8221; _builder_version=&#8221;4.27.4&#8243; _module_preset=&#8221;default&#8221; animation_style=&#8221;zoom&#8221; auto=&#8221;on&#8221; auto_speed=&#8221;2000&#8243; global_colors_info=&#8221;{}&#8221;][\/et_pb_gallery][\/et_pb_column][\/et_pb_row][\/et_pb_section]<\/p>\n","protected":false},"excerpt":{"rendered":"<p>\u26bd O MAIOR CONCURSO DA COPA DO MUNDO COME\u00c7A AGORA Chegou a sua chance de fazer parte de um projeto \u00fanico, com visibilidade nacional e internacional durante o maior evento esportivo do planeta. A GOL DE IDEIAS apresenta um concurso inovador, que une esporte, m\u00eddia e oportunidades reais de destaque. \ud83c\udf0e Participantes do Brasil e [&hellip;]<\/p>\n","protected":false},"author":1,"featured_media":0,"parent":0,"menu_order":0,"comment_status":"closed","ping_status":"closed","template":"","meta":{"_et_pb_use_builder":"on","_et_pb_old_content":"","_et_gb_content_width":"","footnotes":""},"class_list":["post-13","page","type-page","status-publish","hentry"],"_links":{"self":[{"href":"https:\/\/musing-khayyam.104-156-48-234.plesk.page\/index.php?rest_route=\/wp\/v2\/pages\/13","targetHints":{"allow":["GET"]}}],"collection":[{"href":"https:\/\/musing-khayyam.104-156-48-234.plesk.page\/index.php?rest_route=\/wp\/v2\/pages"}],"about":[{"href":"https:\/\/musing-khayyam.104-156-48-234.plesk.page\/index.php?rest_route=\/wp\/v2\/types\/page"}],"author":[{"embeddable":true,"href":"https:\/\/musing-khayyam.104-156-48-234.plesk.page\/index.php?rest_route=\/wp\/v2\/users\/1"}],"replies":[{"embeddable":true,"href":"https:\/\/musing-khayyam.104-156-48-234.plesk.page\/index.php?rest_route=%2Fwp%2Fv2%2Fcomments&post=13"}],"version-history":[{"count":15,"href":"https:\/\/musing-khayyam.104-156-48-234.plesk.page\/index.php?rest_route=\/wp\/v2\/pages\/13\/revisions"}],"predecessor-version":[{"id":56,"href":"https:\/\/musing-khayyam.104-156-48-234.plesk.page\/index.php?rest_route=\/wp\/v2\/pages\/13\/revisions\/56"}],"wp:attachment":[{"href":"https:\/\/musing-khayyam.104-156-48-234.plesk.page\/index.php?rest_route=%2Fwp%2Fv2%2Fmedia&parent=13"}],"curies":[{"name":"wp","href":"https:\/\/api.w.org\/{rel}","templated":true}]}}